{"id":8,"date":"2024-09-19T10:44:50","date_gmt":"2024-09-19T10:44:50","guid":{"rendered":"https:\/\/fkmproductions.com\/?page_id=8"},"modified":"2025-10-10T14:45:30","modified_gmt":"2025-10-10T14:45:30","slug":"home","status":"publish","type":"page","link":"https:\/\/fkmproductions.com\/en\/","title":{"rendered":"Home"},"content":{"rendered":"<p><\/p>\n\n\n\n<div class=\"wp-block-cover alignfull is-light has-aspect-ratio\" style=\"min-height:20%;aspect-ratio:auto;min-height:unset;\"><video class=\"wp-block-cover__video-background intrinsic-ignore\" autoplay muted loop playsinline src=\"https:\/\/fkmproductions.com\/wp-content\/uploads\/2025\/10\/Video-FKM-Sfondo-Sito.mp4\" data-object-fit=\"cover\"><\/video><span aria-hidden=\"true\" class=\"wp-block-cover__background has-background-dim\" style=\"background-color:#FFF\"><\/span><div class=\"wp-block-cover__inner-container is-layout-flow wp-block-cover-is-layout-flow\">\n<p class=\"has-text-align-center has-large-font-size\"><\/p>\n\n\n\n<figure class=\"wp-block-image aligncenter size-large is-style-default wp-duotone-duotone-5\"><img decoding=\"async\" width=\"1024\" height=\"576\" data-src=\"https:\/\/fkmproductions.com\/wp-content\/uploads\/2024\/09\/FKM-Productions-Logo-1-Black-1024x576.png\" alt=\"\" class=\"wp-image-188 lazyload\" style=\"--smush-placeholder-width: 1024px; --smush-placeholder-aspect-ratio: 1024\/576;box-shadow:none\" data-srcset=\"https:\/\/fkmproductions.com\/wp-content\/uploads\/2024\/09\/FKM-Productions-Logo-1-Black-1024x576.png 1024w, https:\/\/fkmproductions.com\/wp-content\/uploads\/2024\/09\/FKM-Productions-Logo-1-Black-300x169.png 300w, https:\/\/fkmproductions.com\/wp-content\/uploads\/2024\/09\/FKM-Productions-Logo-1-Black-768x432.png 768w, https:\/\/fkmproductions.com\/wp-content\/uploads\/2024\/09\/FKM-Productions-Logo-1-Black-1536x864.png 1536w, https:\/\/fkmproductions.com\/wp-content\/uploads\/2024\/09\/FKM-Productions-Logo-1-Black.png 1920w\" data-sizes=\"(max-width: 1024px) 100vw, 1024px\" src=\"data:image\/svg+xml;base64,PHN2ZyB3aWR0aD0iMSIgaGVpZ2h0PSIxIiB4bWxucz0iaHR0cDovL3d3dy53My5vcmcvMjAwMC9zdmciPjwvc3ZnPg==\" \/><\/figure>\n\n\n\n<p class=\"has-text-align-center\"><\/p>\n<\/div><\/div>\n\n\n\n<div style=\"height:30px\" aria-hidden=\"true\" class=\"wp-block-spacer\"><\/div>\n\n\n\n<h3 class=\"wp-block-heading has-text-align-center\">Show promotion, booking and management<\/h3>\n\n\n\n<p style=\"margin-top:var(--wp--preset--spacing--10);margin-bottom:var(--wp--preset--spacing--10)\"><strong>FKM Productions<\/strong> FKM Productions is synonymous with excellence in live show production, with an impeccable focus on quality and solid experience throughout Europe. Specialized in organizing concert shows in some of the most prestigious venues, we create unique experiences that captivate audiences. With a reputation for reliability and professionalism, we offer top-level shows, crafted in every detail, to ensure the success of each event and exceed all expectations.<\/p>\n\n\n\n<div style=\"height:30px\" aria-hidden=\"true\" class=\"wp-block-spacer\"><\/div>\n\n\n\n<div class=\"wp-block-buttons is-content-justification-center is-layout-flex wp-container-core-buttons-is-layout-a89b3969 wp-block-buttons-is-layout-flex\">\n<div class=\"wp-block-button has-custom-width wp-block-button__width-75\"><a class=\"wp-block-button__link has-medium-font-size has-text-align-center has-custom-font-size wp-element-button\" href=\"https:\/\/fkmproductions.com\/en\/spettacoli\/\" style=\"padding-top:var(--wp--preset--spacing--10);padding-right:0;padding-bottom:var(--wp--preset--spacing--10);padding-left:0\">Discover our shows<\/a><\/div>\n<\/div>\n\n\n\n<div style=\"height:30px\" aria-hidden=\"true\" class=\"wp-block-spacer\"><\/div>\n\n\n\n<figure class=\"wp-block-image aligncenter size-full is-resized\" style=\"margin-top:var(--wp--preset--spacing--10);margin-bottom:var(--wp--preset--spacing--10)\"><img decoding=\"async\" width=\"929\" height=\"577\" data-src=\"https:\/\/fkmproductions.com\/wp-content\/uploads\/2025\/02\/Logo-Assomusica_white.png\" alt=\"\" class=\"wp-image-326 lazyload\" style=\"--smush-placeholder-width: 929px; --smush-placeholder-aspect-ratio: 929\/577;width:155px;height:auto\" data-srcset=\"https:\/\/fkmproductions.com\/wp-content\/uploads\/2025\/02\/Logo-Assomusica_white.png 929w, https:\/\/fkmproductions.com\/wp-content\/uploads\/2025\/02\/Logo-Assomusica_white-300x186.png 300w, https:\/\/fkmproductions.com\/wp-content\/uploads\/2025\/02\/Logo-Assomusica_white-768x477.png 768w\" data-sizes=\"(max-width: 929px) 100vw, 929px\" src=\"data:image\/svg+xml;base64,PHN2ZyB3aWR0aD0iMSIgaGVpZ2h0PSIxIiB4bWxucz0iaHR0cDovL3d3dy53My5vcmcvMjAwMC9zdmciPjwvc3ZnPg==\" \/><\/figure>\n\n\n\n<p><\/p>","protected":false},"excerpt":{"rendered":"<p>Produzione, booking e management spettacoli FKM Productions \u00e8 sinonimo di eccellenza nella produzione di spettacoli dal vivo, con un&#8217;attenzione impeccabile alla qualit\u00e0 e un&#8217;esperienza consolidata in tutta Europa. Specializzati nell&#8217;organizzazione di eventi teatrali in alcune delle location pi\u00f9 prestigiose, creiamo esperienze uniche che incantano il pubblico. Con una reputazione di affidabilit\u00e0 e professionalit\u00e0, offriamo spettacoli [&hellip;]<\/p>\n","protected":false},"author":1,"featured_media":0,"parent":0,"menu_order":0,"comment_status":"closed","ping_status":"closed","template":"","meta":{"footnotes":""},"class_list":["post-8","page","type-page","status-publish","hentry"],"aioseo_notices":[],"_links":{"self":[{"href":"https:\/\/fkmproductions.com\/en\/wp-json\/wp\/v2\/pages\/8","targetHints":{"allow":["GET"]}}],"collection":[{"href":"https:\/\/fkmproductions.com\/en\/wp-json\/wp\/v2\/pages"}],"about":[{"href":"https:\/\/fkmproductions.com\/en\/wp-json\/wp\/v2\/types\/page"}],"author":[{"embeddable":true,"href":"https:\/\/fkmproductions.com\/en\/wp-json\/wp\/v2\/users\/1"}],"replies":[{"embeddable":true,"href":"https:\/\/fkmproductions.com\/en\/wp-json\/wp\/v2\/comments?post=8"}],"version-history":[{"count":24,"href":"https:\/\/fkmproductions.com\/en\/wp-json\/wp\/v2\/pages\/8\/revisions"}],"predecessor-version":[{"id":410,"href":"https:\/\/fkmproductions.com\/en\/wp-json\/wp\/v2\/pages\/8\/revisions\/410"}],"wp:attachment":[{"href":"https:\/\/fkmproductions.com\/en\/wp-json\/wp\/v2\/media?parent=8"}],"curies":[{"name":"wp","href":"https:\/\/api.w.org\/{rel}","templated":true}]}}